{"id":163,"date":"2021-11-22T15:28:27","date_gmt":"2021-11-22T15:28:27","guid":{"rendered":"http:\/\/fitmaster.lndo.site\/?page_id=163"},"modified":"2021-11-24T06:28:45","modified_gmt":"2021-11-24T06:28:45","slug":"chinh-sach-gia","status":"publish","type":"page","link":"http:\/\/demo.piweb.com.vn\/mastergroup\/chinh-sach-gia\/","title":{"rendered":"Ch\u00ednh s\u00e1ch gi\u00e1"},"content":{"rendered":"<p>Qu\u00fd kh\u00e1ch h\u00e0ng l\u01b0u \u00fd check l\u1ecbch h\u1ecdc ph\u00f9 h\u1ee3p v\u1edbi th\u1eddi gian  t\u1eadp luy\u1ec7n v\u00e0 \u0111\u1ebfn \u0111\u00fang gi\u1edd quy \u0111\u1ecbnh<\/p>\n","protected":false},"excerpt":{"rendered":"<p>Qu\u00fd kh\u00e1ch h\u00e0ng l\u01b0u \u00fd check l\u1ecbch h\u1ecdc ph\u00f9 h\u1ee3p v\u1edbi th\u1eddi gian t\u1eadp luy\u1ec7n v\u00e0 \u0111\u1ebfn \u0111\u00fang gi\u1edd quy \u0111\u1ecbnh<\/p>\n","protected":false},"author":1,"featured_media":182,"parent":0,"menu_order":0,"comment_status":"closed","ping_status":"closed","template":"page-price.php","meta":{"footnotes":""},"class_list":["post-163","page","type-page","status-publish","has-post-thumbnail","hentry"],"yoast_head":"<!-- This site is optimized with the Yoast SEO plugin v17.6 - https:\/\/yoast.com\/wordpress\/plugins\/seo\/ -->\n<meta name=\"robots\" content=\"index, follow, max-snippet:-1, max-image-preview:large, max-video-preview:-1\" \/>\n<link rel=\"canonical\" href=\"http:\/\/demo.piweb.com.vn\/mastergroup\/chinh-sach-gia\/\" \/>\n<meta property=\"og:locale\" content=\"vi_VN\" \/>\n<meta property=\"og:type\" content=\"article\" \/>\n<meta property=\"og:title\" content=\"Ch\u00ednh s\u00e1ch gi\u00e1 - Fit Master\" \/>\n<meta property=\"og:description\" content=\"Qu\u00fd kh\u00e1ch h\u00e0ng l\u01b0u \u00fd check l\u1ecbch h\u1ecdc ph\u00f9 h\u1ee3p v\u1edbi th\u1eddi gian t\u1eadp luy\u1ec7n v\u00e0 \u0111\u1ebfn \u0111\u00fang gi\u1edd quy \u0111\u1ecbnh\" \/>\n<meta property=\"og:url\" content=\"http:\/\/demo.piweb.com.vn\/mastergroup\/chinh-sach-gia\/\" \/>\n<meta property=\"og:site_name\" content=\"Fit Master\" \/>\n<meta property=\"article:modified_time\" content=\"2021-11-24T06:28:45+00:00\" \/>\n<meta property=\"og:image\" content=\"http:\/\/demo.piweb.com.vn\/mastergroup\/wp-content\/uploads\/2021\/11\/chinh-sach-gia-fitmaster.jpg\" \/>\n\t<meta property=\"og:image:width\" content=\"646\" \/>\n\t<meta property=\"og:image:height\" content=\"426\" \/>\n<meta name=\"twitter:card\" content=\"summary_large_image\" \/>\n<script type=\"application\/ld+json\" class=\"yoast-schema-graph\">{\"@context\":\"https:\/\/schema.org\",\"@graph\":[{\"@type\":\"WebSite\",\"@id\":\"http:\/\/demo.piweb.com.vn\/mastergroup\/#website\",\"url\":\"http:\/\/demo.piweb.com.vn\/mastergroup\/\",\"name\":\"Fit Master\",\"description\":\"\",\"potentialAction\":[{\"@type\":\"SearchAction\",\"target\":{\"@type\":\"EntryPoint\",\"urlTemplate\":\"http:\/\/demo.piweb.com.vn\/mastergroup\/?s={search_term_string}\"},\"query-input\":\"required name=search_term_string\"}],\"inLanguage\":\"vi\"},{\"@type\":\"ImageObject\",\"@id\":\"http:\/\/demo.piweb.com.vn\/mastergroup\/chinh-sach-gia\/#primaryimage\",\"inLanguage\":\"vi\",\"url\":\"http:\/\/demo.piweb.com.vn\/mastergroup\/wp-content\/uploads\/2021\/11\/chinh-sach-gia-fitmaster.jpg\",\"contentUrl\":\"http:\/\/demo.piweb.com.vn\/mastergroup\/wp-content\/uploads\/2021\/11\/chinh-sach-gia-fitmaster.jpg\",\"width\":646,\"height\":426},{\"@type\":\"WebPage\",\"@id\":\"http:\/\/demo.piweb.com.vn\/mastergroup\/chinh-sach-gia\/#webpage\",\"url\":\"http:\/\/demo.piweb.com.vn\/mastergroup\/chinh-sach-gia\/\",\"name\":\"Ch\\u00ednh s\\u00e1ch gi\\u00e1 - Fit Master\",\"isPartOf\":{\"@id\":\"http:\/\/demo.piweb.com.vn\/mastergroup\/#website\"},\"primaryImageOfPage\":{\"@id\":\"http:\/\/demo.piweb.com.vn\/mastergroup\/chinh-sach-gia\/#primaryimage\"},\"datePublished\":\"2021-11-22T15:28:27+00:00\",\"dateModified\":\"2021-11-24T06:28:45+00:00\",\"breadcrumb\":{\"@id\":\"http:\/\/demo.piweb.com.vn\/mastergroup\/chinh-sach-gia\/#breadcrumb\"},\"inLanguage\":\"vi\",\"potentialAction\":[{\"@type\":\"ReadAction\",\"target\":[\"http:\/\/demo.piweb.com.vn\/mastergroup\/chinh-sach-gia\/\"]}]},{\"@type\":\"BreadcrumbList\",\"@id\":\"http:\/\/demo.piweb.com.vn\/mastergroup\/chinh-sach-gia\/#breadcrumb\",\"itemListElement\":[{\"@type\":\"ListItem\",\"position\":1,\"name\":\"Trang ch\\u1ee7\",\"item\":\"http:\/\/demo.piweb.com.vn\/mastergroup\/\"},{\"@type\":\"ListItem\",\"position\":2,\"name\":\"Ch\\u00ednh s\\u00e1ch gi\\u00e1\"}]}]}<\/script>\n<!-- \/ Yoast SEO plugin. -->","yoast_head_json":{"robots":{"index":"index","follow":"follow","max-snippet":"max-snippet:-1","max-image-preview":"max-image-preview:large","max-video-preview":"max-video-preview:-1"},"canonical":"http:\/\/demo.piweb.com.vn\/mastergroup\/chinh-sach-gia\/","og_locale":"vi_VN","og_type":"article","og_title":"Ch\u00ednh s\u00e1ch gi\u00e1 - Fit Master","og_description":"Qu\u00fd kh\u00e1ch h\u00e0ng l\u01b0u \u00fd check l\u1ecbch h\u1ecdc ph\u00f9 h\u1ee3p v\u1edbi th\u1eddi gian t\u1eadp luy\u1ec7n v\u00e0 \u0111\u1ebfn \u0111\u00fang gi\u1edd quy \u0111\u1ecbnh","og_url":"http:\/\/demo.piweb.com.vn\/mastergroup\/chinh-sach-gia\/","og_site_name":"Fit Master","article_modified_time":"2021-11-24T06:28:45+00:00","og_image":[{"width":646,"height":426,"url":"http:\/\/demo.piweb.com.vn\/mastergroup\/wp-content\/uploads\/2021\/11\/chinh-sach-gia-fitmaster.jpg","type":"image\/jpeg"}],"twitter_card":"summary_large_image","schema":{"@context":"https:\/\/schema.org","@graph":[{"@type":"WebSite","@id":"http:\/\/demo.piweb.com.vn\/mastergroup\/#website","url":"http:\/\/demo.piweb.com.vn\/mastergroup\/","name":"Fit Master","description":"","potentialAction":[{"@type":"SearchAction","target":{"@type":"EntryPoint","urlTemplate":"http:\/\/demo.piweb.com.vn\/mastergroup\/?s={search_term_string}"},"query-input":"required name=search_term_string"}],"inLanguage":"vi"},{"@type":"ImageObject","@id":"http:\/\/demo.piweb.com.vn\/mastergroup\/chinh-sach-gia\/#primaryimage","inLanguage":"vi","url":"http:\/\/demo.piweb.com.vn\/mastergroup\/wp-content\/uploads\/2021\/11\/chinh-sach-gia-fitmaster.jpg","contentUrl":"http:\/\/demo.piweb.com.vn\/mastergroup\/wp-content\/uploads\/2021\/11\/chinh-sach-gia-fitmaster.jpg","width":646,"height":426},{"@type":"WebPage","@id":"http:\/\/demo.piweb.com.vn\/mastergroup\/chinh-sach-gia\/#webpage","url":"http:\/\/demo.piweb.com.vn\/mastergroup\/chinh-sach-gia\/","name":"Ch\u00ednh s\u00e1ch gi\u00e1 - Fit Master","isPartOf":{"@id":"http:\/\/demo.piweb.com.vn\/mastergroup\/#website"},"primaryImageOfPage":{"@id":"http:\/\/demo.piweb.com.vn\/mastergroup\/chinh-sach-gia\/#primaryimage"},"datePublished":"2021-11-22T15:28:27+00:00","dateModified":"2021-11-24T06:28:45+00:00","breadcrumb":{"@id":"http:\/\/demo.piweb.com.vn\/mastergroup\/chinh-sach-gia\/#breadcrumb"},"inLanguage":"vi","potentialAction":[{"@type":"ReadAction","target":["http:\/\/demo.piweb.com.vn\/mastergroup\/chinh-sach-gia\/"]}]},{"@type":"BreadcrumbList","@id":"http:\/\/demo.piweb.com.vn\/mastergroup\/chinh-sach-gia\/#breadcrumb","itemListElement":[{"@type":"ListItem","position":1,"name":"Trang ch\u1ee7","item":"http:\/\/demo.piweb.com.vn\/mastergroup\/"},{"@type":"ListItem","position":2,"name":"Ch\u00ednh s\u00e1ch gi\u00e1"}]}]}},"_links":{"self":[{"href":"http:\/\/demo.piweb.com.vn\/mastergroup\/wp-json\/wp\/v2\/pages\/163","targetHints":{"allow":["GET"]}}],"collection":[{"href":"http:\/\/demo.piweb.com.vn\/mastergroup\/wp-json\/wp\/v2\/pages"}],"about":[{"href":"http:\/\/demo.piweb.com.vn\/mastergroup\/wp-json\/wp\/v2\/types\/page"}],"author":[{"embeddable":true,"href":"http:\/\/demo.piweb.com.vn\/mastergroup\/wp-json\/wp\/v2\/users\/1"}],"replies":[{"embeddable":true,"href":"http:\/\/demo.piweb.com.vn\/mastergroup\/wp-json\/wp\/v2\/comments?post=163"}],"version-history":[{"count":13,"href":"http:\/\/demo.piweb.com.vn\/mastergroup\/wp-json\/wp\/v2\/pages\/163\/revisions"}],"predecessor-version":[{"id":278,"href":"http:\/\/demo.piweb.com.vn\/mastergroup\/wp-json\/wp\/v2\/pages\/163\/revisions\/278"}],"wp:featuredmedia":[{"embeddable":true,"href":"http:\/\/demo.piweb.com.vn\/mastergroup\/wp-json\/wp\/v2\/media\/182"}],"wp:attachment":[{"href":"http:\/\/demo.piweb.com.vn\/mastergroup\/wp-json\/wp\/v2\/media?parent=163"}],"curies":[{"name":"wp","href":"https:\/\/api.w.org\/{rel}","templated":true}]}}